{"id":5160,"date":"2024-03-09T04:05:51","date_gmt":"2024-03-09T04:05:51","guid":{"rendered":"https:\/\/trustsfly.com\/?page_id=5160"},"modified":"2024-03-10T03:30:09","modified_gmt":"2024-03-10T03:30:09","slug":"faqs","status":"publish","type":"page","link":"https:\/\/trustsfly.com\/fr\/faqs\/","title":{"rendered":"FAQ"},"content":{"rendered":"<div data-elementor-type=\"wp-page\" data-elementor-id=\"5160\" class=\"elementor elementor-5160\" data-elementor-post-type=\"page\">\n\t\t\t\t<div class=\"elementor-element elementor-element-fc0e36c e-flex e-con-boxed e-con e-parent\" data-id=\"fc0e36c\" data-element_type=\"container\" data-settings=\"{&quot;ekit_has_onepagescroll_dot&quot;:&quot;yes&quot;}\" data-core-v316-plus=\"true\">\n\t\t\t\t\t<div class=\"e-con-inner\">\n\t\t\t\t<div class=\"elementor-element elementor-element-a8bf703 elementor-widget elementor-widget-text-editor\" data-id=\"a8bf703\" data-element_type=\"widget\" data-settings=\"{&quot;ekit_we_effect_on&quot;:&quot;none&quot;}\" data-widget_type=\"text-editor.default\">\n\t\t\t\t<div class=\"elementor-widget-container\">\n\t\t\t\t\t\t\t<h4><strong>Frequently Asked Questions<\/strong><\/h4>\n<p><strong>Can run Ad for which websites and pages?<\/strong><\/p>\n<p>Only domains, web, landing pages, pages that have been approved and registered can run ads. Later, you can register for new websites and pages.<\/p>\n<p><strong>What type of account is this?<\/strong><\/p>\n<p>This is Invoice granted by facebook to the agency, this type of account does not use a card.<\/p>\n<p><strong>Pourquoi d\u00e9poser \u20ac200 ?<\/strong><\/p>\n<p>This is the amount to ensure that in the process of running, customers comply with TrustsFlyAgency\u2019s regulations as well as facebook\u2019s policies. This amount will be refunded immediately after the end of the contract. In case the customer intentionally violates, it will disable Ads Account. TrustsFlyAgency will support the resistance, if not, the deposit will be deducted<\/p>\n<p><strong>How is the \u20ac100 account opening fee calculated?<\/strong><\/p>\n<p>Ces frais sont obligatoires lors de l'ouverture d'un nouveau compte. Ces frais ne seront pas rembours\u00e9s apr\u00e8s la fin du contrat.<\/p>\n<p><strong>In case the account dies not due to a policy violation, how to handle it?<\/strong><\/p>\n<p>In case the account dies not due to a policy violation, not due to the fault of the customer, TrustsFlyAgency will first appeal to the account, if not, it will issue a new account and transfer the entire amount in the old account to new account. There will be no cost to the customer<\/p>\n<p><strong>What is the USD exchange rate?<\/strong><\/p>\n<p>Will fluctuate around \u00b1 2%<\/p>\n<p><span style=\"text-align: var(--text-align); background-color: rgba(255, 255, 255, 0); color: var(--the7-base-color); letter-spacing: var(--the7-base-letter-spacing); text-transform: var(--the7-base-text-transform); word-spacing: normal;\">$<\/span><strong>\u20ac200 deposit for 1 account or for 5 accounts?<\/strong><\/p>\n<p>Pour chaque ouverture de compte, le d\u00e9p\u00f4t sera de  \u20ac200, les clients qui ouvrent 1 compte ou 3 comptes ou 5 comptes d\u00e9poseront  \u20ac500.<\/p>\t\t\t\t\t\t<\/div>\n\t\t\t\t<\/div>\n\t\t\t\t\t<\/div>\n\t\t\t\t<\/div>\n\t\t\t\t<\/div>","protected":false},"excerpt":{"rendered":"<p>Foire aux questions Quels sont les sites et les pages pour lesquels des annonces peuvent \u00eatre diffus\u00e9es ? Seuls les domaines, les sites web, les pages d'atterrissage et les pages qui ont \u00e9t\u00e9 approuv\u00e9s et enregistr\u00e9s peuvent diffuser des annonces. Plus tard, vous pourrez vous inscrire pour de nouveaux sites et pages. De quel type de compte s'agit-il ? Il s'agit d'une facture accord\u00e9e par facebook \u00e0 l'agence, ce type de compte ne...<\/p>","protected":false},"author":1,"featured_media":0,"parent":0,"menu_order":0,"comment_status":"closed","ping_status":"closed","template":"","meta":{"footnotes":""},"class_list":["post-5160","page","type-page","status-publish","hentry"],"_links":{"self":[{"href":"https:\/\/trustsfly.com\/fr\/wp-json\/wp\/v2\/pages\/5160","targetHints":{"allow":["GET"]}}],"collection":[{"href":"https:\/\/trustsfly.com\/fr\/wp-json\/wp\/v2\/pages"}],"about":[{"href":"https:\/\/trustsfly.com\/fr\/wp-json\/wp\/v2\/types\/page"}],"author":[{"embeddable":true,"href":"https:\/\/trustsfly.com\/fr\/wp-json\/wp\/v2\/users\/1"}],"replies":[{"embeddable":true,"href":"https:\/\/trustsfly.com\/fr\/wp-json\/wp\/v2\/comments?post=5160"}],"version-history":[{"count":16,"href":"https:\/\/trustsfly.com\/fr\/wp-json\/wp\/v2\/pages\/5160\/revisions"}],"predecessor-version":[{"id":5243,"href":"https:\/\/trustsfly.com\/fr\/wp-json\/wp\/v2\/pages\/5160\/revisions\/5243"}],"wp:attachment":[{"href":"https:\/\/trustsfly.com\/fr\/wp-json\/wp\/v2\/media?parent=5160"}],"curies":[{"name":"wp","href":"https:\/\/api.w.org\/{rel}","templated":true}]}}