{"id":5152,"date":"2024-03-09T04:05:12","date_gmt":"2024-03-09T04:05:12","guid":{"rendered":"https:\/\/trustsfly.com\/?page_id=5152"},"modified":"2024-03-09T07:20:32","modified_gmt":"2024-03-09T07:20:32","slug":"payment-policy","status":"publish","type":"page","link":"https:\/\/trustsfly.com\/fr\/payment-policy\/","title":{"rendered":"Payment Policy"},"content":{"rendered":"<div data-elementor-type=\"wp-page\" data-elementor-id=\"5152\" class=\"elementor elementor-5152\" data-elementor-post-type=\"page\">\n\t\t\t\t<div class=\"elementor-element elementor-element-1c6de7d e-flex e-con-boxed e-con e-parent\" data-id=\"1c6de7d\" data-element_type=\"container\" data-settings=\"{&quot;ekit_has_onepagescroll_dot&quot;:&quot;yes&quot;}\" data-core-v316-plus=\"true\">\n\t\t\t\t\t<div class=\"e-con-inner\">\n\t\t\t\t<div class=\"elementor-element elementor-element-930213d elementor-widget elementor-widget-text-editor\" data-id=\"930213d\" data-element_type=\"widget\" data-settings=\"{&quot;ekit_we_effect_on&quot;:&quot;none&quot;}\" data-widget_type=\"text-editor.default\">\n\t\t\t\t<div class=\"elementor-widget-container\">\n\t\t\t\t\t\t\t<p>Nous acceptons les cartes de cr\u00e9dit et de d\u00e9bit suivantes :<\/p>\n<div id=\"col-1109327405\" class=\"col medium-7 small-12 large-7\">\n<div class=\"col-inner\">\n<div class=\"accordion\">\n<div id=\"accordion-1149993806\" class=\"accordion-item bestcheaptshirt_plain\">&nbsp;<\/div>\n<\/div>\n<\/div>\n<\/div>\n<div id=\"col-1953150521\" class=\"col medium-5 small-12 large-5\">\n<div class=\"col-inner\">\n<div id=\"image_1575498050\" class=\"img has-hover x md-x lg-x y md-y lg-y\">EX :<\/div>\n<\/div>\n<\/div>\n<ul>\n<li>American Express<\/li>\n<li>Apple Pay<\/li>\n<li>Club des d\u00eeners<\/li>\n<li>D\u00e9couvrir<\/li>\n<li>Elo<\/li>\n<li>Google Pay<\/li>\n<li>JCB<\/li>\n<li>Carte Mastercard<\/li>\n<li>Paypal<\/li>\n<li>Paiement \u00e0 l'\u00e9talage<\/li>\n<li>Vemio<\/li>\n<li>Visa<\/li>\n<li>Sage.com<\/li>\n<\/ul>\n<p>Once you select checkout, you will be transferred to our secure payment gateway, where you will be able to American Express, Apple Pay, Dinners Club, Discover, Elo, Google Pay, JCB, Mastercard, Paypal, Shop pay, Vemio, Visa, Wise.com.<\/p>\t\t\t\t\t\t<\/div>\n\t\t\t\t<\/div>\n\t\t\t\t\t<\/div>\n\t\t\t\t<\/div>\n\t\t\t\t<\/div>","protected":false},"excerpt":{"rendered":"<p>Nous acceptons les cartes de cr\u00e9dit et de d\u00e9bit suivantes :   EX : American Express Apple Pay Dinners Club Discover Elo Google Pay JCB Mastercard Paypal Shop pay Vemio Visa Wise.com Une fois que vous aurez s\u00e9lectionn\u00e9 le paiement, vous serez transf\u00e9r\u00e9 vers notre passerelle de paiement s\u00e9curis\u00e9e, o\u00f9 vous pourrez utiliser American Express, Apple Pay, Dinners Club, Discover, Elo,...<\/p>","protected":false},"author":1,"featured_media":0,"parent":0,"menu_order":0,"comment_status":"closed","ping_status":"closed","template":"","meta":{"footnotes":""},"class_list":["post-5152","page","type-page","status-publish","hentry"],"_links":{"self":[{"href":"https:\/\/trustsfly.com\/fr\/wp-json\/wp\/v2\/pages\/5152","targetHints":{"allow":["GET"]}}],"collection":[{"href":"https:\/\/trustsfly.com\/fr\/wp-json\/wp\/v2\/pages"}],"about":[{"href":"https:\/\/trustsfly.com\/fr\/wp-json\/wp\/v2\/types\/page"}],"author":[{"embeddable":true,"href":"https:\/\/trustsfly.com\/fr\/wp-json\/wp\/v2\/users\/1"}],"replies":[{"embeddable":true,"href":"https:\/\/trustsfly.com\/fr\/wp-json\/wp\/v2\/comments?post=5152"}],"version-history":[{"count":10,"href":"https:\/\/trustsfly.com\/fr\/wp-json\/wp\/v2\/pages\/5152\/revisions"}],"predecessor-version":[{"id":5202,"href":"https:\/\/trustsfly.com\/fr\/wp-json\/wp\/v2\/pages\/5152\/revisions\/5202"}],"wp:attachment":[{"href":"https:\/\/trustsfly.com\/fr\/wp-json\/wp\/v2\/media?parent=5152"}],"curies":[{"name":"wp","href":"https:\/\/api.w.org\/{rel}","templated":true}]}}