{"id":5134,"date":"2024-03-08T04:35:06","date_gmt":"2024-03-08T04:35:06","guid":{"rendered":"https:\/\/trustsfly.com\/?page_id=5134"},"modified":"2024-04-08T14:42:02","modified_gmt":"2024-04-08T14:42:02","slug":"policy-and-terms","status":"publish","type":"page","link":"https:\/\/trustsfly.com\/fr\/policy-and-terms\/","title":{"rendered":"Politique et conditions"},"content":{"rendered":"<div data-elementor-type=\"wp-page\" data-elementor-id=\"5134\" class=\"elementor elementor-5134\" data-elementor-post-type=\"page\">\n\t\t\t\t<div class=\"elementor-element elementor-element-ba92810 e-flex e-con-boxed e-con e-parent\" data-id=\"ba92810\" data-element_type=\"container\" data-settings=\"{&quot;ekit_has_onepagescroll_dot&quot;:&quot;yes&quot;}\" data-core-v316-plus=\"true\">\n\t\t\t\t\t<div class=\"e-con-inner\">\n\t\t\t\t<div class=\"elementor-element elementor-element-ee31610 elementor-widget elementor-widget-text-editor\" data-id=\"ee31610\" data-element_type=\"widget\" data-settings=\"{&quot;ekit_we_effect_on&quot;:&quot;none&quot;}\" data-widget_type=\"text-editor.default\">\n\t\t\t\t<div class=\"elementor-widget-container\">\n\t\t\t\t\t\t\t<p class=\" translation-block\">ARTICLE 1: DEFINITIONS AND SERVICES<br>1.1 Definition<br>\u2013 Advertising Account: Is the Facebook advertising account that Party B provides to Party A.<br>\u2013 Advertising Budget: Is the amount of money that Party A transfers to Party B to use only for running ads<br>\u2013 Service: The service that Party B provides to Party A and is listed at point 1.2 of this Contract<br>\u2013 Service Fee: The cost that Party A will have to pay to Party B to use the service mentioned at point 1.2 of this Contract. Calculated as a % of the advertising budget.<br>\u2013 Deposit: Is the amount of money that Party A must transfer to the account of Party B designated, to ensure the implementation of commitments in the Contract. Party B has the right to use the deposit to pay debts\/penalties and other incurred expenses (if any). At the end of the Contract, the remaining amount of the deposit will be returned to Party A.<\/p><p class=\" translation-block\">1.2 Services<br>\u2013 Party B provides an advertising account to Party A through BM that Party B prepares. Party A will share resources with BM to run ads, and share staff rights to join BM, in order to use the advertising account to set up advertising campaigns.<br>\u2013 Support to handle arising situations within the responsibility of Party B. Warning to Party cho<br>A knows the issues to be aware of, the violations of Party A.<br>\u2013 When the ad account is locked, Party B supports to reflect and report the status of the ad account to Facebook.<br>ARTICLE 2: CONDITIONS FOR THE SERVICE<br>2.1 Side A<br>\u2013 Party A ensures compliance with current regulations of Facebook (https:\/\/www.facebook.com\/policies\/ads\/).<br>\u2013 Make adjustments when receiving warnings about violations related to the use of party B\u2019s account.<br>\u2013 Party A approves that the content in the advertisement as well as in the related media of Party A must be approved by Party B before the advertisement is released.<br>\u2013 Confidentiality of the content of this Contract and not to disclose it to any third party without the consent of Party B, except as required by competent state agencies.<\/p><p class=\" translation-block\">2.2 DISCLAIMER<br>\u2013 Party B commits not to use information from the accounts for purposes other than supporting Party A.<br>\u2013 Party B is committed to respecting the privacy rights of advertising accounts.<br>\u2013 Party B has the right to access and view Party A\u2019s ad account to check the content, and stop Party A\u2019s invalid campaigns.<br>ARTICLE 3: RIGHTS AND OBLIGATIONS OF THE PARTY<br>3.1 Side A<br>\u2013 Party A is entitled to provide and use the services mentioned in Article 1.2 of this Contract.<br>\u2013 Party A is responsible for timely payment of Deposit + Advertising Budget + Service Fee by transfer to Party B\u2019s account.<br>\u2013 Be responsible for signing and accepting the minutes of work acceptance when Party B fulfills its performance obligations in Section 1.2 of this Contract.<br>\u2013 Be responsible for the authenticity of the content on your advertisement and resolve disputes with third parties about the information content yourself.<br>\u2013 Comply with legal provisions on intellectual property rights, industrial property, and copyright ownership as prescribed by Vietnamese law.<br>3.2 DISCLAIMER<br>\u2013 Provide full support tools and services for Party A.<br>\u2013 Party B\u2019s operating time for arrears and recording of payments and transactions starts from 8:30 am to 5:00 pm Vietnam time (GMT + 7) every day. Transactions outside the specified time will be carried over to the next business day.<br>\u2013 In case the ad account is locked due to Party A\u2019s violation, Party B will provide the remaining advertising budget in the locked ad account to the newly issued ad account.<br>\u2013 Quickly resolve Party A\u2019s complaints about service quality within the scope of responsibility and authority of Party B.<br>\u2013 Party B is not responsible for any content appearing on advertisements and related media that Party A deploys.<br>ARTICLE 4: CONTRACT TERM \u2013 CONTRACT TERMINATION \u2013 SERVICE POLICY \u2013 PAYMENT METHOD<br>4.1 Contract Term<br>\u2013 This contract is valid until Party A\u2019s Advertising Budget in the advertising account provided by Party B has been used up, and automatically renews when Party A continues to transfer additional fees and advertising budget. next batch report.<br>4.2 Termination of Contract<br>\u2013 This contract is terminated in the following cases:<br>Party A:<br>\u2013 Party A has the right to immediately unilaterally terminate the Contract in case Party B is found to have violated Article 2.2 of the Contract and request Party B to compensate Party A for damages (if any). At the same time, Party B must return 100% of Party A\u2019s deposit.<br>Party B<br>\u2013 In case Party A intentionally violates the terms of facebook, and the policies of party B, leading to the advertising account being locked and facebook refusing to re-issue. Party B will unilaterally terminate The contract and party A will be fined $200, and party B uses the deposit to deduct.<br>\u2013 Party B has the right to unilaterally suspend or terminate the performance of the Contract in case Party A fails to comply with the commitments in this Contract.<br>Cases to note:<br>\u2013 In case a Force Majeure Event occurs, the parties must make every effort to minimize the damage and liquidate the Contract. Neither party is liable for damages caused by a Force Majeure Event.<br>\u2013 In case one of the two parties wants to stop the service before the due date for objective reasons, the two parties agree and agree on the spirit of mutual understanding and support. If Party A does not violate any policies of Facebook and Party B, Party B will be refunded the remaining budget in the advertising account, and the deposit. The amount of the refund is also converted at the foreign currency rate that Party B offers in the Contract \u2013 In any case, the service fee and foreign currency conversion fee will not be refunded.<br>4.3 Service Policy<br>\u2013 Party A makes a deposit for the corresponding service provision of $200 for each account. The deposit will be refunded when the two parties terminate the Service Contract by agreement. In the event that Party A violates clause 2.1 of this Contract, Party B has the right to immediately terminate the Contract and use the deposit to pay for Party A\u2019s penalties for breach of contract.<br>\u2013 Advertising fee and service fee: The service fee is 3% of the advertising budget, and has a minimum revenue of $1000 per account\/month.<br>\u2013 The foreign currency rate is set by Party B, and will be updated by Party B on a weekly basis (The exchange rate is updated by Party B according to the current exchange rate, and foreign currency conversion fee, no more than 2%).<\/p><p class=\" translation-block\">\u2013 Support service arising: Some other arising because Party A needs Party B\u2019s support to serve the initial setup of Party B. Party B only needs to pay according to the fee schedule of the 3rd party supplier. .<br>4.4 Payment method<br>\u2013 Deposit: Party A pays the deposit to Party B to set up the service package as soon as this Contract is signed.<br>\u2013 Advertising and service fee: Party A will send Party B the corresponding advertising budget and service fee each time.<br>\u2013 Foreign currency conversion fee: Party B will charge a reasonable fee for weekly foreign currency conversion on each recharge of Party A\u2019s advertising budget, this fee does not exceed 2%.<br>\u2013 Support services incurred: Party A pays the fees arising from asking Party B to use 3rd party services to assist Party A in completing the setup steps.<br>ARTICLE 5: IMPLEMENTING PROVISIONS<br>\u2013 This contract takes effect immediately after signing.<br>\u2013 The two parties commit to strictly comply with the terms of the Contract, in case either party intentionally violates any terms in the Contract; the other party will remind in writing.<br>\u2013 If a party wants to change anything related to the Contract, it must have a written request 03 days in advance for review and agreement. Any costs incurred for the change of the Contract due to any party\u2019s cause, that party is responsible for payment.<br>\u2013 In the course of implementation, if there are any problems, the two sides will actively negotiate and resolve in the spirit of cooperation and mutual respect. If the two parties cannot resolve it themselves, they will agree to transfer the case to the economic court at the place where Party B\u2019s business address is located to work.<br>ARTICLE 6: CONTRACT IMPLEMENTATION DURATION<br>\u2013 This contract takes effect from the date of signing.<br>\u2013 The two parties will hold a meeting and make a minutes of contract liquidation after 7 days. Party B is responsible for organizing at the appropriate time and place.<\/p>\t\t\t\t\t\t<\/div>\n\t\t\t\t<\/div>\n\t\t\t\t\t<\/div>\n\t\t\t\t<\/div>\n\t\t\t\t<\/div>","protected":false},"excerpt":{"rendered":"<p>ARTICLE 1 : DEFINITIONS ET SERVICES 1.1 D\u00e9finition - Compte publicitaire : Est le compte publicitaire Facebook que la Partie B fournit \u00e0 la Partie A. - Budget publicitaire : Le budget publicitaire est la somme d'argent que la partie A transf\u00e8re \u00e0 la partie B pour qu'elle l'utilise uniquement pour diffuser des publicit\u00e9s : Le service que la partie B fournit \u00e0 la partie A et...<\/p>","protected":false},"author":1,"featured_media":0,"parent":0,"menu_order":0,"comment_status":"closed","ping_status":"closed","template":"","meta":{"footnotes":""},"class_list":["post-5134","page","type-page","status-publish","hentry"],"_links":{"self":[{"href":"https:\/\/trustsfly.com\/fr\/wp-json\/wp\/v2\/pages\/5134","targetHints":{"allow":["GET"]}}],"collection":[{"href":"https:\/\/trustsfly.com\/fr\/wp-json\/wp\/v2\/pages"}],"about":[{"href":"https:\/\/trustsfly.com\/fr\/wp-json\/wp\/v2\/types\/page"}],"author":[{"embeddable":true,"href":"https:\/\/trustsfly.com\/fr\/wp-json\/wp\/v2\/users\/1"}],"replies":[{"embeddable":true,"href":"https:\/\/trustsfly.com\/fr\/wp-json\/wp\/v2\/comments?post=5134"}],"version-history":[{"count":5,"href":"https:\/\/trustsfly.com\/fr\/wp-json\/wp\/v2\/pages\/5134\/revisions"}],"predecessor-version":[{"id":5300,"href":"https:\/\/trustsfly.com\/fr\/wp-json\/wp\/v2\/pages\/5134\/revisions\/5300"}],"wp:attachment":[{"href":"https:\/\/trustsfly.com\/fr\/wp-json\/wp\/v2\/media?parent=5134"}],"curies":[{"name":"wp","href":"https:\/\/api.w.org\/{rel}","templated":true}]}}