{"id":4942,"date":"2023-10-15T08:22:54","date_gmt":"2023-10-15T08:22:54","guid":{"rendered":"https:\/\/demo.hcinvoice.com\/?page_id=4942"},"modified":"2024-03-08T06:06:26","modified_gmt":"2024-03-08T06:06:26","slug":"blog","status":"publish","type":"page","link":"https:\/\/trustsfly.com\/fr\/blog\/","title":{"rendered":"Blog"},"content":{"rendered":"<div data-elementor-type=\"wp-page\" data-elementor-id=\"4942\" class=\"elementor elementor-4942\" data-elementor-post-type=\"page\">\n\t\t\t\t<div class=\"elementor-element elementor-element-ad4bd20 e-flex e-con-boxed e-con e-parent\" data-id=\"ad4bd20\" data-element_type=\"container\" data-settings=\"{&quot;ekit_has_onepagescroll_dot&quot;:&quot;yes&quot;}\" data-core-v316-plus=\"true\">\n\t\t\t\t\t<div class=\"e-con-inner\">\n\t\t\t\t<div class=\"elementor-element elementor-element-619db91 elementor-widget elementor-widget-elementskit-blog-posts\" data-id=\"619db91\" data-element_type=\"widget\" data-settings=\"{&quot;ekit_we_effect_on&quot;:&quot;none&quot;}\" data-widget_type=\"elementskit-blog-posts.default\">\n\t\t\t\t<div class=\"elementor-widget-container\">\n\t\t\t<div class=\"ekit-wid-con\" >\n        <div id=\"post-items--619db91\" class=\"row post-items ekit-blog-posts-content\" data-enable=\"no\">\n\n\t\t\t<!-- Blog Carousel markup render -->\n\t\t\t\n\n            <div class=\"col-lg-4 col-md-6\">\n\n                                    <div class=\"elementskit-post-image-card\">\n                        <div class=\"elementskit-entry-header\">\n                                                            <a href=\"https:\/\/trustsfly.com\/fr\/mastering-facebook-ads-for-your-crypto-project-expert-insights-and-account-rental-service\/\" class=\"elementskit-entry-thumb\">\n                                    <img decoding=\"async\" src=\"https:\/\/trustsfly.com\/wp-content\/uploads\/2023\/10\/crypto-ads-facebook-1024x576-1.jpg\" alt=\"Mastering Facebook Ads for Your Crypto Project: Expert Insights and Account Rental Service\">\n                                <\/a><!-- .elementskit-entry-thumb END -->\n                                                            \n                            \n                                                    <\/div><!-- .elementskit-entry-header END -->\n\n                        <div class=\"elementskit-post-body\">\n                            \n                                                                                                                                                        \n                                        \n                                                                                                <h2 class=\"entry-title\">\n                    <a href=\"https:\/\/trustsfly.com\/fr\/mastering-facebook-ads-for-your-crypto-project-expert-insights-and-account-rental-service\/\">\n                            Mastering Facebook Ads for Your Crypto Project: Expert Insights and Account Rental Service                    <\/a>\n                <\/h2>\n                                                                                                                                                                                            <p>Suspendisse potenti. In eleifend quam. Mauris id scelerisque dui, placerat pretium nulla.<\/p>\n                                                                                                                                                        <div class=\"btn-wraper\">\n                                    \n                                                                            <a href=\"https:\/\/trustsfly.com\/fr\/mastering-facebook-ads-for-your-crypto-project-expert-insights-and-account-rental-service\/\" class=\"elementskit-btn  whitespace--normal\" >\n                                                                                    En savoir plus                                         <\/a>\n                                                                    <\/div>\n                                                    <\/div><!-- .elementskit-post-body END -->\n                    <\/div>\n                \n            <\/div>\t\t\t\t\n\n            <div class=\"col-lg-4 col-md-6\">\n\n                                    <div class=\"elementskit-post-image-card\">\n                        <div class=\"elementskit-entry-header\">\n                                                            <a href=\"https:\/\/trustsfly.com\/fr\/guide-to-self-checking-your-ad-budget\/\" class=\"elementskit-entry-thumb\">\n                                    <img decoding=\"async\" src=\"https:\/\/trustsfly.com\/wp-content\/uploads\/2023\/10\/checking-your-ad-budget-1024x682-1.jpg\" alt=\"Guide to self-checking your ad budget\">\n                                <\/a><!-- .elementskit-entry-thumb END -->\n                                                            \n                            \n                                                    <\/div><!-- .elementskit-entry-header END -->\n\n                        <div class=\"elementskit-post-body\">\n                            \n                                                                                                                                                        \n                                        \n                                                                                                <h2 class=\"entry-title\">\n                    <a href=\"https:\/\/trustsfly.com\/fr\/guide-to-self-checking-your-ad-budget\/\">\n                            Guide d'autocontr\u00f4le du budget publicitaire                    <\/a>\n                <\/h2>\n                                                                                                                                                                                            <p>Suspendisse potenti. In eleifend quam. Mauris id scelerisque dui, placerat pretium nulla.<\/p>\n                                                                                                                                                        <div class=\"btn-wraper\">\n                                    \n                                                                            <a href=\"https:\/\/trustsfly.com\/fr\/guide-to-self-checking-your-ad-budget\/\" class=\"elementskit-btn  whitespace--normal\" >\n                                                                                    En savoir plus                                         <\/a>\n                                                                    <\/div>\n                                                    <\/div><!-- .elementskit-post-body END -->\n                    <\/div>\n                \n            <\/div>\t\t\t\t\n\n            <div class=\"col-lg-4 col-md-6\">\n\n                                    <div class=\"elementskit-post-image-card\">\n                        <div class=\"elementskit-entry-header\">\n                                                            <a href=\"https:\/\/trustsfly.com\/fr\/proxy-faqs-for-facebook-ads-accounts-key-questions-and-answers\/\" class=\"elementskit-entry-thumb\">\n                                    <img decoding=\"async\" src=\"https:\/\/trustsfly.com\/wp-content\/uploads\/2023\/10\/Proxy-Facebook-ads-account-1024x682-1.jpg\" alt=\"Proxy FAQs for Facebook Ads Accounts: Key Questions and Answers\">\n                                <\/a><!-- .elementskit-entry-thumb END -->\n                                                            \n                            \n                                                    <\/div><!-- .elementskit-entry-header END -->\n\n                        <div class=\"elementskit-post-body\">\n                            \n                                                                                                                                                        \n                                        \n                                                                                                <h2 class=\"entry-title\">\n                    <a href=\"https:\/\/trustsfly.com\/fr\/proxy-faqs-for-facebook-ads-accounts-key-questions-and-answers\/\">\n                            FAQ sur les procurations pour les comptes publicitaires Facebook : Questions cl\u00e9s et r\u00e9ponses                    <\/a>\n                <\/h2>\n                                                                                                                                                                                            <p>Suspendisse potenti. In eleifend quam. Mauris id scelerisque dui, placerat pretium nulla.<\/p>\n                                                                                                                                                        <div class=\"btn-wraper\">\n                                    \n                                                                            <a href=\"https:\/\/trustsfly.com\/fr\/proxy-faqs-for-facebook-ads-accounts-key-questions-and-answers\/\" class=\"elementskit-btn  whitespace--normal\" >\n                                                                                    En savoir plus                                         <\/a>\n                                                                    <\/div>\n                                                    <\/div><!-- .elementskit-post-body END -->\n                    <\/div>\n                \n            <\/div>\t\t\t\t\n\n            <div class=\"col-lg-4 col-md-6\">\n\n                                    <div class=\"elementskit-post-image-card\">\n                        <div class=\"elementskit-entry-header\">\n                                                            <a href=\"https:\/\/trustsfly.com\/fr\/sharing-experience-running-facebook-ads-insights-from-a-6-million-experienced-markete\/\" class=\"elementskit-entry-thumb\">\n                                    <img decoding=\"async\" src=\"https:\/\/trustsfly.com\/wp-content\/uploads\/2023\/10\/Sharing-Experience-Running-Facebook-Ads-1024x785-1.jpg\" alt=\"Sharing Experience Running Facebook Ads: Insights from a $6 Million Experienced Markete\">\n                                <\/a><!-- .elementskit-entry-thumb END -->\n                                                            \n                            \n                                                    <\/div><!-- .elementskit-entry-header END -->\n\n                        <div class=\"elementskit-post-body\">\n                            \n                                                                                                                                                        \n                                        \n                                                                                                <h2 class=\"entry-title\">\n                    <a href=\"https:\/\/trustsfly.com\/fr\/sharing-experience-running-facebook-ads-insights-from-a-6-million-experienced-markete\/\">\n                            Partager l'exp\u00e9rience de l'ex\u00e9cution des publicit\u00e9s Facebook : L'exp\u00e9rience de $6 millions de marketeux exp\u00e9riment\u00e9s                    <\/a>\n                <\/h2>\n                                                                                                                                                                                            <p>Suspendisse potenti. In eleifend quam. Mauris id scelerisque dui, placerat pretium nulla.<\/p>\n                                                                                                                                                        <div class=\"btn-wraper\">\n                                    \n                                                                            <a href=\"https:\/\/trustsfly.com\/fr\/sharing-experience-running-facebook-ads-insights-from-a-6-million-experienced-markete\/\" class=\"elementskit-btn  whitespace--normal\" >\n                                                                                    En savoir plus                                         <\/a>\n                                                                    <\/div>\n                                                    <\/div><!-- .elementskit-post-body END -->\n                    <\/div>\n                \n            <\/div>\t\t\t\t\n\n            <div class=\"col-lg-4 col-md-6\">\n\n                                    <div class=\"elementskit-post-image-card\">\n                        <div class=\"elementskit-entry-header\">\n                                                            <a href=\"https:\/\/trustsfly.com\/fr\/warm-up-your-facebook-ad-account-effectively-follow-these-steps-for-optimal-results\/\" class=\"elementskit-entry-thumb\">\n                                    <img decoding=\"async\" src=\"https:\/\/trustsfly.com\/wp-content\/uploads\/2023\/10\/Warm-Up-Facebook-Ad-Account-1024x818-1.jpg\" alt=\"Warm Up Your Facebook Ad Account Effectively: Follow These Steps for Optimal Results\">\n                                <\/a><!-- .elementskit-entry-thumb END -->\n                                                            \n                            \n                                                    <\/div><!-- .elementskit-entry-header END -->\n\n                        <div class=\"elementskit-post-body\">\n                            \n                                                                                                                                                        \n                                        \n                                                                                                <h2 class=\"entry-title\">\n                    <a href=\"https:\/\/trustsfly.com\/fr\/warm-up-your-facebook-ad-account-effectively-follow-these-steps-for-optimal-results\/\">\n                            R\u00e9chauffez efficacement votre compte publicitaire Facebook : Suivez ces \u00e9tapes pour des r\u00e9sultats optimaux                    <\/a>\n                <\/h2>\n                                                                                                                                                                                            <p>Suspendisse potenti. In eleifend quam. Mauris id scelerisque dui, placerat pretium nulla.<\/p>\n                                                                                                                                                        <div class=\"btn-wraper\">\n                                    \n                                                                            <a href=\"https:\/\/trustsfly.com\/fr\/warm-up-your-facebook-ad-account-effectively-follow-these-steps-for-optimal-results\/\" class=\"elementskit-btn  whitespace--normal\" >\n                                                                                    En savoir plus                                         <\/a>\n                                                                    <\/div>\n                                                    <\/div><!-- .elementskit-post-body END -->\n                    <\/div>\n                \n            <\/div>\t\t\t\t\n\n            <div class=\"col-lg-4 col-md-6\">\n\n                                    <div class=\"elementskit-post-image-card\">\n                        <div class=\"elementskit-entry-header\">\n                                                            <a href=\"https:\/\/trustsfly.com\/fr\/unleashing-the-pros-of-renting-facebook-ads-accounts-boost-your-wefunagency-com\/\" class=\"elementskit-entry-thumb\">\n                                    <img decoding=\"async\" src=\"https:\/\/trustsfly.com\/wp-content\/uploads\/2023\/10\/pexels-photo-267399-1024x643-1.jpeg\" alt=\"Unleashing the Pros of Renting Facebook Ads Accounts: Boost Your Trustsfly.com!\">\n                                <\/a><!-- .elementskit-entry-thumb END -->\n                                                            \n                            \n                                                    <\/div><!-- .elementskit-entry-header END -->\n\n                        <div class=\"elementskit-post-body\">\n                            \n                                                                                                                                                        \n                                        \n                                                                                                <h2 class=\"entry-title\">\n                    <a href=\"https:\/\/trustsfly.com\/fr\/unleashing-the-pros-of-renting-facebook-ads-accounts-boost-your-wefunagency-com\/\">\n                            Les avantages de la location de comptes publicitaires Facebook : Boostez votre confiance !                    <\/a>\n                <\/h2>\n                                                                                                                                                                                            <p>Suspendisse potenti. In eleifend quam. Mauris id scelerisque dui, placerat pretium nulla.<\/p>\n                                                                                                                                                        <div class=\"btn-wraper\">\n                                    \n                                                                            <a href=\"https:\/\/trustsfly.com\/fr\/unleashing-the-pros-of-renting-facebook-ads-accounts-boost-your-wefunagency-com\/\" class=\"elementskit-btn  whitespace--normal\" >\n                                                                                    En savoir plus                                         <\/a>\n                                                                    <\/div>\n                                                    <\/div><!-- .elementskit-post-body END -->\n                    <\/div>\n                \n            <\/div>\t\t\t\t        <\/div>\n        \n        \n                    <div \n            data-ekit-blog-post-style=\"numbered\"\n            class=\"ekit-blog-post-pagination-container ekit-blog-post-pagination-style-numbered\" \n            id=\"post-nagivation--619db91\">\n                <span aria-current=\"page\" class=\"page-numbers current\">1<\/span>\n<a class=\"page-numbers\" href=\"https:\/\/trustsfly.com\/fr\/wp-json\/wp\/v2\/pages\/4942\/?ekit-blog-posts-paged=2\">2<\/a>\n<a class=\"next page-numbers\" href=\"https:\/\/trustsfly.com\/fr\/wp-json\/wp\/v2\/pages\/4942\/?ekit-blog-posts-paged=2\">Suivant<\/a>\n            <\/div>\n\n            <\/div>\t\t<\/div>\n\t\t\t\t<\/div>\n\t\t\t\t\t<\/div>\n\t\t\t\t<\/div>\n\t\t\t\t<\/div>","protected":false},"excerpt":{"rendered":"<p>Ma\u00eetriser les publicit\u00e9s Facebook pour votre projet Crypto : Conseils d'experts et service de location de compte Suspendisse potenti. In eleifend quam. Mauris id scelerisque dui, placerat pretium nulla. En savoir plus Guide d'autocontr\u00f4le de votre budget publicitaire Suspendisse potenti. En \u00e9l\u00e9ifend quam. Mauris id scelerisque dui, placerat pretium nulla. En savoir plus Mise \u00e0 jour du transfert de donn\u00e9es clients pour les comptes Facebook Ads [...] <\/p>","protected":false},"author":1,"featured_media":0,"parent":0,"menu_order":0,"comment_status":"closed","ping_status":"closed","template":"","meta":{"footnotes":""},"class_list":["post-4942","page","type-page","status-publish","hentry"],"_links":{"self":[{"href":"https:\/\/trustsfly.com\/fr\/wp-json\/wp\/v2\/pages\/4942","targetHints":{"allow":["GET"]}}],"collection":[{"href":"https:\/\/trustsfly.com\/fr\/wp-json\/wp\/v2\/pages"}],"about":[{"href":"https:\/\/trustsfly.com\/fr\/wp-json\/wp\/v2\/types\/page"}],"author":[{"embeddable":true,"href":"https:\/\/trustsfly.com\/fr\/wp-json\/wp\/v2\/users\/1"}],"replies":[{"embeddable":true,"href":"https:\/\/trustsfly.com\/fr\/wp-json\/wp\/v2\/comments?post=4942"}],"version-history":[{"count":7,"href":"https:\/\/trustsfly.com\/fr\/wp-json\/wp\/v2\/pages\/4942\/revisions"}],"predecessor-version":[{"id":4952,"href":"https:\/\/trustsfly.com\/fr\/wp-json\/wp\/v2\/pages\/4942\/revisions\/4952"}],"wp:attachment":[{"href":"https:\/\/trustsfly.com\/fr\/wp-json\/wp\/v2\/media?parent=4942"}],"curies":[{"name":"wp","href":"https:\/\/api.w.org\/{rel}","templated":true}]}}