{"id":2663,"date":"2021-09-19T16:48:59","date_gmt":"2021-09-19T16:48:59","guid":{"rendered":"https:\/\/the7.io\/consulting\/?page_id=2663"},"modified":"2024-03-09T04:40:20","modified_gmt":"2024-03-09T04:40:20","slug":"terms-conditions","status":"publish","type":"page","link":"https:\/\/trustsfly.com\/fr\/terms-conditions\/","title":{"rendered":"Conditions g\u00e9n\u00e9rales d'utilisation"},"content":{"rendered":"<div data-elementor-type=\"wp-page\" data-elementor-id=\"2663\" class=\"elementor elementor-2663\" data-elementor-post-type=\"page\">\n\t\t\t\t<div class=\"elementor-element elementor-element-73ec18b e-flex e-con-boxed e-con e-parent\" data-id=\"73ec18b\" data-element_type=\"container\" data-settings=\"{&quot;ekit_has_onepagescroll_dot&quot;:&quot;yes&quot;}\" data-core-v316-plus=\"true\">\n\t\t\t\t\t<div class=\"e-con-inner\">\n\t\t\t\t<div class=\"elementor-element elementor-element-7ce8dd9 elementor-widget elementor-widget-text-editor\" data-id=\"7ce8dd9\" data-element_type=\"widget\" data-settings=\"{&quot;ekit_we_effect_on&quot;:&quot;none&quot;}\" data-widget_type=\"text-editor.default\">\n\t\t\t\t<div class=\"elementor-widget-container\">\n\t\t\t\t\t\t\t<h2>Conditions d'utilisation du site web<\/h2><h2>1. Conditions d'utilisation<\/h2><p>En acc\u00e9dant \u00e0 ce site web, accessible depuis le domaine, vous acceptez d'\u00eatre li\u00e9 par les pr\u00e9sentes conditions d'utilisation du site web et vous acceptez d'\u00eatre responsable de l'accord avec toutes les lois locales applicables. Si vous n'\u00eates pas d'accord avec l'une de ces conditions, il vous est interdit d'acc\u00e9der \u00e0 ce site. Le mat\u00e9riel contenu dans ce site web est prot\u00e9g\u00e9 par le droit d'auteur et le droit des marques.<\/p><h2>2. Utiliser la licence<\/h2><p>L'autorisation est accord\u00e9e de t\u00e9l\u00e9charger temporairement une copie des documents du site Web des Domaines pour une visualisation transitoire personnelle et non commerciale uniquement. Il s'agit d'une licence et non d'un transfert de titre, et dans le cadre de cette licence, vous ne pouvez pas :<\/p><ul><li>modifier ou copier le mat\u00e9riel ;<\/li><li>utiliser le mat\u00e9riel \u00e0 des fins commerciales ou pour un affichage public ;<\/li><li>tenter de proc\u00e9der \u00e0 l'ing\u00e9nierie inverse de tout logiciel contenu sur le site Web de Domain ;<\/li><li>supprimer toute mention de droit d'auteur ou autre mention de propri\u00e9t\u00e9 du mat\u00e9riel ; ou<\/li><li>transf\u00e9rer le mat\u00e9riel \u00e0 une autre personne ou le \"refl\u00e9ter\" sur un autre serveur.<\/li><\/ul><p>Cela permettra au Domaine de prendre fin en cas de violation de l'une ou l'autre de ces restrictions. En cas de r\u00e9siliation, votre droit de consultation sera \u00e9galement annul\u00e9 et vous devrez d\u00e9truire tout mat\u00e9riel t\u00e9l\u00e9charg\u00e9 en votre possession, qu'il s'agisse d'un format imprim\u00e9 ou \u00e9lectronique. Les pr\u00e9sentes conditions d'utilisation ont \u00e9t\u00e9 \u00e9labor\u00e9es avec l'aide de la\u00a0<a href=\"https:\/\/www.termsofservicegenerator.net\/\">G\u00e9n\u00e9rateur de conditions d'utilisation<\/a>.<\/p><h2>3. Clause de non-responsabilit\u00e9<\/h2><p>Tous les \u00e9l\u00e9ments du site Web du domaine sont fournis \"tels quels\". Le domaine ne donne aucune garantie, qu'elle soit expresse ou implicite, et exclut donc toute autre garantie. En outre, le domaine ne fait aucune d\u00e9claration concernant l'exactitude ou la fiabilit\u00e9 de l'utilisation du mat\u00e9riel sur son site web ou concernant ce mat\u00e9riel ou tout autre site li\u00e9 \u00e0 ce site web.<\/p><h2>4. Limites<\/h2><p>Le domaine ou ses fournisseurs ne seront pas tenus responsables des dommages r\u00e9sultant de l'utilisation ou de l'impossibilit\u00e9 d'utiliser les documents figurant sur le site web du domaine, m\u00eame si le domaine ou un repr\u00e9sentant autoris\u00e9 de ce site web a \u00e9t\u00e9 inform\u00e9, oralement ou par \u00e9crit, de l'\u00e9ventualit\u00e9 de tels dommages. Certaines juridictions n'autorisent pas les limitations sur les garanties implicites ou les limitations de responsabilit\u00e9 pour les dommages accessoires, ces limitations peuvent ne pas s'appliquer \u00e0 vous.<\/p><h2>5. R\u00e9visions et errata<\/h2><p>Les documents figurant sur le site web de Domain peuvent contenir des erreurs techniques, typographiques ou photographiques. Le domaine ne promet pas que les documents figurant sur son site web sont exacts, complets ou \u00e0 jour. Le domaine peut modifier le mat\u00e9riel contenu sur son site web \u00e0 tout moment et sans pr\u00e9avis. Le domaine ne s'engage pas \u00e0 mettre \u00e0 jour le mat\u00e9riel.<\/p><h2>6. Liens<\/h2><p>Le domaine n'a pas examin\u00e9 tous les sites li\u00e9s \u00e0 son site web et n'est pas responsable du contenu de ces sites. La pr\u00e9sence d'un lien n'implique pas l'approbation du site par le domaine. L'utilisation de tout site li\u00e9 se fait aux risques et p\u00e9rils de l'utilisateur.<\/p><h2>7. Modifications des conditions d'utilisation du site<\/h2><p>Le domaine peut r\u00e9viser les pr\u00e9sentes conditions d'utilisation de son site web \u00e0 tout moment et sans pr\u00e9avis. En utilisant ce site web, vous acceptez d'\u00eatre li\u00e9 par la version actuelle de ces conditions d'utilisation.<\/p><h2>8. Votre vie priv\u00e9e<\/h2><p>Veuillez lire notre politique de confidentialit\u00e9.<\/p><h2>9. Droit applicable<\/h2><p>Toute r\u00e9clamation relative au site web des Domaines sera r\u00e9gie par les lois de notre pays, sans tenir compte des dispositions relatives aux conflits de lois.<\/p>\t\t\t\t\t\t<\/div>\n\t\t\t\t<\/div>\n\t\t\t\t\t<\/div>\n\t\t\t\t<\/div>\n\t\t\t\t<\/div>","protected":false},"excerpt":{"rendered":"<p>Website Terms and Conditions of Use 1. Terms By accessing this Website, accessible from Domain, you are agreeing to be bound by these Website Terms and Conditions of Use and agree that you are responsible for the agreement with any applicable local laws. If you disagree with any of these terms, you are prohibited from&hellip;<\/p>","protected":false},"author":1,"featured_media":0,"parent":0,"menu_order":40,"comment_status":"closed","ping_status":"closed","template":"","meta":{"footnotes":""},"class_list":["post-2663","page","type-page","status-publish","hentry"],"_links":{"self":[{"href":"https:\/\/trustsfly.com\/fr\/wp-json\/wp\/v2\/pages\/2663","targetHints":{"allow":["GET"]}}],"collection":[{"href":"https:\/\/trustsfly.com\/fr\/wp-json\/wp\/v2\/pages"}],"about":[{"href":"https:\/\/trustsfly.com\/fr\/wp-json\/wp\/v2\/types\/page"}],"author":[{"embeddable":true,"href":"https:\/\/trustsfly.com\/fr\/wp-json\/wp\/v2\/users\/1"}],"replies":[{"embeddable":true,"href":"https:\/\/trustsfly.com\/fr\/wp-json\/wp\/v2\/comments?post=2663"}],"version-history":[{"count":5,"href":"https:\/\/trustsfly.com\/fr\/wp-json\/wp\/v2\/pages\/2663\/revisions"}],"predecessor-version":[{"id":5180,"href":"https:\/\/trustsfly.com\/fr\/wp-json\/wp\/v2\/pages\/2663\/revisions\/5180"}],"wp:attachment":[{"href":"https:\/\/trustsfly.com\/fr\/wp-json\/wp\/v2\/media?parent=2663"}],"curies":[{"name":"wp","href":"https:\/\/api.w.org\/{rel}","templated":true}]}}